{"id":22,"date":"2018-10-09T13:38:31","date_gmt":"2018-10-09T11:38:31","guid":{"rendered":"http:\/\/location-le-touquet.fr\/?page_id=22"},"modified":"2021-04-12T15:37:40","modified_gmt":"2021-04-12T13:37:40","slug":"contact","status":"publish","type":"page","link":"https:\/\/location-le-touquet.fr\/index.php\/contact\/","title":{"rendered":"CONTACT ET RESERVATION"},"content":{"rendered":"<p>[et_pb_section fb_built=\u00a0\u00bb1&Prime; admin_label=\u00a0\u00bbHeader\u00a0\u00bb _builder_version=\u00a0\u00bb3.8.1&Prime; use_background_color_gradient=\u00a0\u00bbon\u00a0\u00bb background_color_gradient_start=\u00a0\u00bbrgba(255,255,255,0.89)\u00a0\u00bb background_color_gradient_end=\u00a0\u00bbrgba(255,255,255,0)\u00a0\u00bb background_color_gradient_type=\u00a0\u00bbradial\u00a0\u00bb background_color_gradient_direction_radial=\u00a0\u00bbtop left\u00a0\u00bb background_color_gradient_start_position=\u00a0\u00bb30%\u00a0\u00bb background_color_gradient_end_position=\u00a0\u00bb80%\u00a0\u00bb background_color_gradient_overlays_image=\u00a0\u00bbon\u00a0\u00bb background_image=\u00a0\u00bbhttp:\/\/location-le-touquet.fr\/wp-content\/uploads\/2019\/01\/location-appartement-le-touquet-la-canche-4.jpeg\u00a0\u00bb custom_padding=\u00a0\u00bb8vw|0px|0|0px|false|false\u00a0\u00bb locked=\u00a0\u00bboff\u00a0\u00bb][et_pb_row _builder_version=\u00a0\u00bb3.13&Prime;][et_pb_column type=\u00a0\u00bb4_4&Prime; _builder_version=\u00a0\u00bb3.12.2&Prime; parallax=\u00a0\u00bboff\u00a0\u00bb parallax_method=\u00a0\u00bbon\u00a0\u00bb][et_pb_text _builder_version=\u00a0\u00bb3.8.1&Prime; text_font=\u00a0\u00bb||||||||\u00a0\u00bb header_font=\u00a0\u00bbRaleway|700|||||||\u00a0\u00bb header_font_size=\u00a0\u00bb80px\u00a0\u00bb header_font_size_tablet=\u00a0\u00bb48px\u00a0\u00bb header_font_size_phone=\u00a0\u00bb32px\u00a0\u00bb header_font_size_last_edited=\u00a0\u00bbon|phone\u00a0\u00bb header_line_height=\u00a0\u00bb1.2em\u00a0\u00bb header_5_font=\u00a0\u00bbRaleway|700||on|||||\u00a0\u00bb header_5_text_color=\u00a0\u00bb#000000&Prime; header_5_font_size=\u00a0\u00bb20px\u00a0\u00bb header_5_font_size_tablet=\u00a0\u00bb14px\u00a0\u00bb header_5_font_size_phone=\u00a0\u00bb12px\u00a0\u00bb header_5_font_size_last_edited=\u00a0\u00bbon|desktop\u00a0\u00bb header_5_letter_spacing=\u00a0\u00bb0.5em\u00a0\u00bb header_5_line_height=\u00a0\u00bb1.8em\u00a0\u00bb animation_style=\u00a0\u00bbzoom\u00a0\u00bb animation_intensity_zoom=\u00a0\u00bb5%\u00a0\u00bb]<\/p>\n<h5><\/h5>\n<h1>Contactez-nous pour vos demandes de r\u00e9servations<\/h1>\n<p>&nbsp;<\/p>\n<p>[\/et_pb_text][\/et_pb_column][\/et_pb_row][et_pb_row use_custom_width=\u00a0\u00bbon\u00a0\u00bb width_unit=\u00a0\u00bboff\u00a0\u00bb custom_width_percent=\u00a0\u00bb90%\u00a0\u00bb use_custom_gutter=\u00a0\u00bbon\u00a0\u00bb custom_padding=\u00a0\u00bb0|0px|0px|15vw|false|false\u00a0\u00bb custom_padding_tablet=\u00a0\u00bb|||10vw\u00a0\u00bb custom_margin=\u00a0\u00bb8vw||||false\u00a0\u00bb make_equal=\u00a0\u00bbon\u00a0\u00bb custom_padding_last_edited=\u00a0\u00bbon|desktop\u00a0\u00bb background_color_4=\u00a0\u00bb#b2b9c4&Prime; padding_top_1=\u00a0\u00bb74px\u00a0\u00bb padding_top_2=\u00a0\u00bb74px\u00a0\u00bb padding_top_3=\u00a0\u00bb74px\u00a0\u00bb padding_1_tablet=\u00a0\u00bb40px|||\u00a0\u00bb padding_2_tablet=\u00a0\u00bb40px|||\u00a0\u00bb padding_3_tablet=\u00a0\u00bb40px|||\u00a0\u00bb padding_4_tablet=\u00a0\u00bb20px||20px||true\u00a0\u00bb padding_1_phone=\u00a0\u00bb20px|||\u00a0\u00bb padding_2_phone=\u00a0\u00bb20px|||\u00a0\u00bb padding_3_phone=\u00a0\u00bb20px|||\u00a0\u00bb padding_1_last_edited=\u00a0\u00bboff|desktop\u00a0\u00bb padding_2_last_edited=\u00a0\u00bboff|desktop\u00a0\u00bb padding_3_last_edited=\u00a0\u00bboff|desktop\u00a0\u00bb padding_4_last_edited=\u00a0\u00bboff|desktop\u00a0\u00bb _builder_version=\u00a0\u00bb3.13&Prime; background_color=\u00a0\u00bb#ffffff\u00a0\u00bb module_alignment=\u00a0\u00bbleft\u00a0\u00bb animation_style=\u00a0\u00bbslide\u00a0\u00bb animation_direction=\u00a0\u00bbleft\u00a0\u00bb animation_intensity_slide=\u00a0\u00bb5%\u00a0\u00bb locked=\u00a0\u00bboff\u00a0\u00bb][et_pb_column type=\u00a0\u00bb1_2&Prime; _builder_version=\u00a0\u00bb3.12.2&Prime; padding_phone=\u00a0\u00bb20px|||\u00a0\u00bb padding_tablet=\u00a0\u00bb40px|||\u00a0\u00bb padding_last_edited=\u00a0\u00bboff|desktop\u00a0\u00bb padding_top=\u00a0\u00bb74px\u00a0\u00bb parallax=\u00a0\u00bboff\u00a0\u00bb parallax_method=\u00a0\u00bbon\u00a0\u00bb][et_pb_blurb title=\u00a0\u00bb06 70 47 69 64 ou 06 32 92 04 18&Prime; use_icon=\u00a0\u00bbon\u00a0\u00bb font_icon=\u00a0\u00bb%%264%%\u00a0\u00bb icon_color=\u00a0\u00bb#c3cfd6&Prime; icon_placement=\u00a0\u00bbleft\u00a0\u00bb use_icon_font_size=\u00a0\u00bbon\u00a0\u00bb icon_font_size=\u00a0\u00bb24px\u00a0\u00bb _builder_version=\u00a0\u00bb3.8.1&Prime; header_level=\u00a0\u00bbh5&Prime; header_font=\u00a0\u00bbRaleway|700|||||||\u00a0\u00bb header_line_height=\u00a0\u00bb1.4em\u00a0\u00bb locked=\u00a0\u00bboff\u00a0\u00bb][\/et_pb_blurb][et_pb_blurb title=\u00a0\u00bbEnglish is spoken on +33 (0)6 32 92 04 18&Prime; use_icon=\u00a0\u00bbon\u00a0\u00bb font_icon=\u00a0\u00bb%%264%%\u00a0\u00bb icon_color=\u00a0\u00bb#c3cfd6&Prime; icon_placement=\u00a0\u00bbleft\u00a0\u00bb use_icon_font_size=\u00a0\u00bbon\u00a0\u00bb icon_font_size=\u00a0\u00bb24px\u00a0\u00bb _builder_version=\u00a0\u00bb3.8.1&Prime; header_level=\u00a0\u00bbh5&Prime; header_font=\u00a0\u00bbRaleway|700|||||||\u00a0\u00bb header_line_height=\u00a0\u00bb1.4em\u00a0\u00bb locked=\u00a0\u00bboff\u00a0\u00bb][\/et_pb_blurb][\/et_pb_column][et_pb_column type=\u00a0\u00bb1_2&Prime; _builder_version=\u00a0\u00bb3.12.2&Prime; padding_phone=\u00a0\u00bb20px|||\u00a0\u00bb padding_tablet=\u00a0\u00bb40px|||\u00a0\u00bb padding_last_edited=\u00a0\u00bboff|desktop\u00a0\u00bb padding_top=\u00a0\u00bb74px\u00a0\u00bb parallax=\u00a0\u00bboff\u00a0\u00bb parallax_method=\u00a0\u00bbon\u00a0\u00bb][et_pb_blurb title=\u00a0\u00bbscicotedopale@gmail.com\u00a0\u00bb use_icon=\u00a0\u00bbon\u00a0\u00bb font_icon=\u00a0\u00bb%%238%%\u00a0\u00bb icon_color=\u00a0\u00bb#c3cfd6&Prime; icon_placement=\u00a0\u00bbleft\u00a0\u00bb use_icon_font_size=\u00a0\u00bbon\u00a0\u00bb icon_font_size=\u00a0\u00bb24px\u00a0\u00bb _builder_version=\u00a0\u00bb3.8.1&Prime; header_level=\u00a0\u00bbh5&Prime; header_font=\u00a0\u00bbRaleway|700|||||||\u00a0\u00bb header_line_height=\u00a0\u00bb1.4em\u00a0\u00bb locked=\u00a0\u00bboff\u00a0\u00bb][\/et_pb_blurb][\/et_pb_column][\/et_pb_row][\/et_pb_section][et_pb_section fb_built=\u00a0\u00bb1&Prime; specialty=\u00a0\u00bbon\u00a0\u00bb _builder_version=\u00a0\u00bb3.8.1&Prime; custom_padding=\u00a0\u00bb51px|0|50px|0px|false|false\u00a0\u00bb locked=\u00a0\u00bboff\u00a0\u00bb][et_pb_column type=\u00a0\u00bb3_4&Prime; specialty_columns=\u00a0\u00bb3&Prime; _builder_version=\u00a0\u00bb3.0.47&Prime; parallax=\u00a0\u00bboff\u00a0\u00bb parallax_method=\u00a0\u00bbon\u00a0\u00bb][et_pb_row_inner custom_padding=\u00a0\u00bb30px|0px|0|0px|false|false\u00a0\u00bb _builder_version=\u00a0\u00bb3.13&Prime; custom_margin=\u00a0\u00bb|||\u00a0\u00bb][et_pb_column_inner type=\u00a0\u00bb1_2&Prime; saved_specialty_column_type=\u00a0\u00bb3_4&Prime; _builder_version=\u00a0\u00bb3.0.47&Prime; parallax=\u00a0\u00bboff\u00a0\u00bb parallax_method=\u00a0\u00bbon\u00a0\u00bb][et_pb_contact_form captcha=\u00a0\u00bboff\u00a0\u00bb email=\u00a0\u00bbscicotedopale@gmail.com\u00a0\u00bb success_message=\u00a0\u00bbVotre message a \u00e9t\u00e9 envoy\u00e9\u00a0\u00bb form_background_color=\u00a0\u00bb#f5f5f5&Prime; module_id=\u00a0\u00bbet_pb_contact_form_0&Prime; _builder_version=\u00a0\u00bb3.8.1&Prime; title_level=\u00a0\u00bbh2&Prime; title_font=\u00a0\u00bbRaleway|700|||||||\u00a0\u00bb title_font_size=\u00a0\u00bb50px\u00a0\u00bb title_font_size_tablet=\u00a0\u00bb35px\u00a0\u00bb title_font_size_phone=\u00a0\u00bb25px\u00a0\u00bb title_font_size_last_edited=\u00a0\u00bbon|desktop\u00a0\u00bb title_line_height=\u00a0\u00bb1.8em\u00a0\u00bb form_field_font=\u00a0\u00bb||||||||\u00a0\u00bb form_field_line_height=\u00a0\u00bb2em\u00a0\u00bb custom_button=\u00a0\u00bbon\u00a0\u00bb button_text_size=\u00a0\u00bb16px\u00a0\u00bb button_text_color=\u00a0\u00bb#b2b9c4&Prime; button_bg_color=\u00a0\u00bbrgba(178,185,196,0)\u00a0\u00bb button_border_color=\u00a0\u00bbrgba(0,0,0,0)\u00a0\u00bb button_border_radius=\u00a0\u00bb0px\u00a0\u00bb button_font=\u00a0\u00bbRaleway|700|||||||\u00a0\u00bb button_border_radius_hover=\u00a0\u00bb0px\u00a0\u00bb locked=\u00a0\u00bboff\u00a0\u00bb][et_pb_contact_field field_id=\u00a0\u00bbNom\u00a0\u00bb field_title=\u00a0\u00bbNom\u00a0\u00bb fullwidth_field=\u00a0\u00bbon\u00a0\u00bb _builder_version=\u00a0\u00bb3.8.1&Prime; border_radii=\u00a0\u00bbon||||\u00a0\u00bb][\/et_pb_contact_field][et_pb_contact_field field_id=\u00a0\u00bbPr\u00e9nom\u00a0\u00bb field_title=\u00a0\u00bbPr\u00e9nom\u00a0\u00bb fullwidth_field=\u00a0\u00bbon\u00a0\u00bb _builder_version=\u00a0\u00bb3.8.1&Prime;][\/et_pb_contact_field][et_pb_contact_field field_id=\u00a0\u00bbT\u00e9l\u00e9phone\u00a0\u00bb field_title=\u00a0\u00bbT\u00e9l\u00e9phone\u00a0\u00bb fullwidth_field=\u00a0\u00bbon\u00a0\u00bb _builder_version=\u00a0\u00bb3.8.1&Prime;][\/et_pb_contact_field][et_pb_contact_field field_id=\u00a0\u00bbEmail\u00a0\u00bb field_title=\u00a0\u00bbEmail\u00a0\u00bb field_type=\u00a0\u00bbemail\u00a0\u00bb fullwidth_field=\u00a0\u00bbon\u00a0\u00bb _builder_version=\u00a0\u00bb3.8.1&Prime; border_radii=\u00a0\u00bbon||||\u00a0\u00bb][\/et_pb_contact_field][et_pb_contact_field field_id=\u00a0\u00bbMessage\u00a0\u00bb field_title=\u00a0\u00bbMessage\u00a0\u00bb field_type=\u00a0\u00bbtext\u00a0\u00bb fullwidth_field=\u00a0\u00bbon\u00a0\u00bb _builder_version=\u00a0\u00bb3.0.87&Prime; border_radii=\u00a0\u00bbon||||\u00a0\u00bb][\/et_pb_contact_field][\/et_pb_contact_form][\/et_pb_column_inner][et_pb_column_inner type=\u00a0\u00bb1_2&Prime; saved_specialty_column_type=\u00a0\u00bb3_4&Prime; _builder_version=\u00a0\u00bb3.0.47&Prime; parallax=\u00a0\u00bboff\u00a0\u00bb parallax_method=\u00a0\u00bbon\u00a0\u00bb][et_pb_image src=\u00a0\u00bbhttp:\/\/location-le-touquet.fr\/wp-content\/uploads\/2019\/01\/photo-nous-2.jpg\u00a0\u00bb always_center_on_mobile=\u00a0\u00bboff\u00a0\u00bb _builder_version=\u00a0\u00bb3.8.1&Prime; border_radii=\u00a0\u00bbon|100%|100%|100%|100%\u00a0\u00bb max_width=\u00a0\u00bb26%\u00a0\u00bb module_alignment=\u00a0\u00bbcenter\u00a0\u00bb locked=\u00a0\u00bboff\u00a0\u00bb][\/et_pb_image][et_pb_text _builder_version=\u00a0\u00bb3.8.1&Prime; text_font=\u00a0\u00bb||||||||\u00a0\u00bb text_line_height=\u00a0\u00bb2em\u00a0\u00bb header_font=\u00a0\u00bb||||||||\u00a0\u00bb header_2_font=\u00a0\u00bbRaleway|700|||||||\u00a0\u00bb header_2_font_size=\u00a0\u00bb50px\u00a0\u00bb header_2_font_size_tablet=\u00a0\u00bb35px\u00a0\u00bb header_2_font_size_phone=\u00a0\u00bb25px\u00a0\u00bb header_2_font_size_last_edited=\u00a0\u00bbon|phone\u00a0\u00bb header_2_line_height=\u00a0\u00bb1.2em\u00a0\u00bb header_6_font=\u00a0\u00bbRaleway|700||on|||||\u00a0\u00bb header_6_font_size=\u00a0\u00bb16px\u00a0\u00bb header_6_letter_spacing=\u00a0\u00bb5px\u00a0\u00bb header_6_line_height=\u00a0\u00bb1.8em\u00a0\u00bb max_width=\u00a0\u00bb500px\u00a0\u00bb module_alignment=\u00a0\u00bbleft\u00a0\u00bb locked=\u00a0\u00bboff\u00a0\u00bb]<\/p>\n<h6>Emilie et Jean-Christophe<\/h6>\n<p>Nous restons \u00e0 votre disposition pour tout renseignement compl\u00e9mentaire. N\u2019h\u00e9sitez pas \u00e0 nous faire part de vos impressions. Nous vous souhaitons un agr\u00e9able s\u00e9jour sur la C\u00f4te d\u2019Opale !<\/p>\n<p>[\/et_pb_text][\/et_pb_column_inner][\/et_pb_row_inner][\/et_pb_column][et_pb_column type=\u00a0\u00bb1_4&Prime; _builder_version=\u00a0\u00bb3.0.47&Prime; parallax=\u00a0\u00bboff\u00a0\u00bb parallax_method=\u00a0\u00bbon\u00a0\u00bb][et_pb_social_media_follow _builder_version=\u00a0\u00bb3.8.1&Prime; border_radii=\u00a0\u00bbon|100px|100px|100px|100px\u00a0\u00bb max_width=\u00a0\u00bb60px\u00a0\u00bb max_width_tablet=\u00a0\u00bb100%\u00a0\u00bb max_width_last_edited=\u00a0\u00bbon|tablet\u00a0\u00bb locked=\u00a0\u00bboff\u00a0\u00bb][et_pb_social_media_follow_network social_network=\u00a0\u00bbfacebook\u00a0\u00bb url=\u00a0\u00bbhttps:\/\/www.facebook.com\/leslocationsdEmilieJeanChristophe\u00a0\u00bb _builder_version=\u00a0\u00bb3.8.1&Prime; background_color=\u00a0\u00bb#0c71c3&Prime; custom_margin=\u00a0\u00bb4px|4px|4px|4px|true|true\u00a0\u00bb custom_padding=\u00a0\u00bb6px|6px|6px|6px|true|true\u00a0\u00bb follow_button=\u00a0\u00bboff\u00a0\u00bb url_new_window=\u00a0\u00bbon\u00a0\u00bb]facebook[\/et_pb_social_media_follow_network][\/et_pb_social_media_follow][\/et_pb_column][\/et_pb_section]<\/p>\n","protected":false},"excerpt":{"rendered":"<p>[et_pb_section fb_built=\u00a0\u00bb1&Prime; admin_label=\u00a0\u00bbHeader\u00a0\u00bb _builder_version=\u00a0\u00bb3.8.1&Prime; use_background_color_gradient=\u00a0\u00bbon\u00a0\u00bb background_color_gradient_start=\u00a0\u00bbrgba(255,255,255,0.89)\u00a0\u00bb background_color_gradient_end=\u00a0\u00bbrgba(255,255,255,0)\u00a0\u00bb background_color_gradient_type=\u00a0\u00bbradial\u00a0\u00bb background_color_gradient_direction_radial=\u00a0\u00bbtop left\u00a0\u00bb background_color_gradient_start_position=\u00a0\u00bb30%\u00a0\u00bb background_color_gradient_end_position=\u00a0\u00bb80%\u00a0\u00bb background_color_gradient_overlays_image=\u00a0\u00bbon\u00a0\u00bb background_image=\u00a0\u00bbhttp:\/\/location-le-touquet.fr\/wp-content\/uploads\/2019\/01\/location-appartement-le-touquet-la-canche-4.jpeg\u00a0\u00bb custom_padding=\u00a0\u00bb8vw|0px|0|0px|false|false\u00a0\u00bb locked=\u00a0\u00bboff\u00a0\u00bb][et_pb_row _builder_version=\u00a0\u00bb3.13&Prime;][et_pb_column type=\u00a0\u00bb4_4&Prime; _builder_version=\u00a0\u00bb3.12.2&Prime; parallax=\u00a0\u00bboff\u00a0\u00bb parallax_method=\u00a0\u00bbon\u00a0\u00bb][et_pb_text _builder_version=\u00a0\u00bb3.8.1&Prime; text_font=\u00a0\u00bb||||||||\u00a0\u00bb header_font=\u00a0\u00bbRaleway|700|||||||\u00a0\u00bb header_font_size=\u00a0\u00bb80px\u00a0\u00bb header_font_size_tablet=\u00a0\u00bb48px\u00a0\u00bb header_font_size_phone=\u00a0\u00bb32px\u00a0\u00bb header_font_size_last_edited=\u00a0\u00bbon|phone\u00a0\u00bb header_line_height=\u00a0\u00bb1.2em\u00a0\u00bb header_5_font=\u00a0\u00bbRaleway|700||on|||||\u00a0\u00bb header_5_text_color=\u00a0\u00bb#000000&Prime; header_5_font_size=\u00a0\u00bb20px\u00a0\u00bb header_5_font_size_tablet=\u00a0\u00bb14px\u00a0\u00bb header_5_font_size_phone=\u00a0\u00bb12px\u00a0\u00bb header_5_font_size_last_edited=\u00a0\u00bbon|desktop\u00a0\u00bb header_5_letter_spacing=\u00a0\u00bb0.5em\u00a0\u00bb header_5_line_height=\u00a0\u00bb1.8em\u00a0\u00bb animation_style=\u00a0\u00bbzoom\u00a0\u00bb animation_intensity_zoom=\u00a0\u00bb5%\u00a0\u00bb] Contactez-nous pour vos demandes de r\u00e9servations &nbsp; [\/et_pb_text][\/et_pb_column][\/et_pb_row][et_pb_row use_custom_width=\u00a0\u00bbon\u00a0\u00bb width_unit=\u00a0\u00bboff\u00a0\u00bb custom_width_percent=\u00a0\u00bb90%\u00a0\u00bb use_custom_gutter=\u00a0\u00bbon\u00a0\u00bb custom_padding=\u00a0\u00bb0|0px|0px|15vw|false|false\u00a0\u00bb custom_padding_tablet=\u00a0\u00bb|||10vw\u00a0\u00bb custom_margin=\u00a0\u00bb8vw||||false\u00a0\u00bb make_equal=\u00a0\u00bbon\u00a0\u00bb [&hellip;]<\/p>\n","protected":false},"author":1,"featured_media":0,"parent":0,"menu_order":0,"comment_status":"closed","ping_status":"closed","template":"","meta":{"footnotes":""},"yoast_head":"<!-- This site is optimized with the Yoast SEO plugin v22.1 - https:\/\/yoast.com\/wordpress\/plugins\/seo\/ -->\n<title>CONTACT ET RESERVATION - Les locations d&#039;Emilie &amp; Jean-Christophe<\/title>\n<meta name=\"robots\" content=\"index, follow, max-snippet:-1, max-image-preview:large, max-video-preview:-1\" \/>\n<link rel=\"canonical\" href=\"https:\/\/location-le-touquet.fr\/index.php\/contact\/\" \/>\n<meta property=\"og:locale\" content=\"fr_FR\" \/>\n<meta property=\"og:type\" content=\"article\" \/>\n<meta property=\"og:title\" content=\"CONTACT ET RESERVATION - Les locations d&#039;Emilie &amp; Jean-Christophe\" \/>\n<meta property=\"og:description\" content=\"[et_pb_section fb_built=\u00a0\u00bb1&Prime; admin_label=\u00a0\u00bbHeader\u00a0\u00bb _builder_version=\u00a0\u00bb3.8.1&Prime; use_background_color_gradient=\u00a0\u00bbon\u00a0\u00bb background_color_gradient_start=\u00a0\u00bbrgba(255,255,255,0.89)\u00a0\u00bb background_color_gradient_end=\u00a0\u00bbrgba(255,255,255,0)\u00a0\u00bb background_color_gradient_type=\u00a0\u00bbradial\u00a0\u00bb background_color_gradient_direction_radial=\u00a0\u00bbtop left\u00a0\u00bb background_color_gradient_start_position=\u00a0\u00bb30%\u00a0\u00bb background_color_gradient_end_position=\u00a0\u00bb80%\u00a0\u00bb background_color_gradient_overlays_image=\u00a0\u00bbon\u00a0\u00bb background_image=\u00a0\u00bbhttp:\/\/location-le-touquet.fr\/wp-content\/uploads\/2019\/01\/location-appartement-le-touquet-la-canche-4.jpeg\u00a0\u00bb custom_padding=\u00a0\u00bb8vw|0px|0|0px|false|false\u00a0\u00bb locked=\u00a0\u00bboff\u00a0\u00bb][et_pb_row _builder_version=\u00a0\u00bb3.13&Prime;][et_pb_column type=\u00a0\u00bb4_4&Prime; _builder_version=\u00a0\u00bb3.12.2&Prime; parallax=\u00a0\u00bboff\u00a0\u00bb parallax_method=\u00a0\u00bbon\u00a0\u00bb][et_pb_text _builder_version=\u00a0\u00bb3.8.1&Prime; text_font=\u00a0\u00bb||||||||\u00a0\u00bb header_font=\u00a0\u00bbRaleway|700|||||||\u00a0\u00bb header_font_size=\u00a0\u00bb80px\u00a0\u00bb header_font_size_tablet=\u00a0\u00bb48px\u00a0\u00bb header_font_size_phone=\u00a0\u00bb32px\u00a0\u00bb header_font_size_last_edited=\u00a0\u00bbon|phone\u00a0\u00bb header_line_height=\u00a0\u00bb1.2em\u00a0\u00bb header_5_font=\u00a0\u00bbRaleway|700||on|||||\u00a0\u00bb header_5_text_color=\u00a0\u00bb#000000&Prime; header_5_font_size=\u00a0\u00bb20px\u00a0\u00bb header_5_font_size_tablet=\u00a0\u00bb14px\u00a0\u00bb header_5_font_size_phone=\u00a0\u00bb12px\u00a0\u00bb header_5_font_size_last_edited=\u00a0\u00bbon|desktop\u00a0\u00bb header_5_letter_spacing=\u00a0\u00bb0.5em\u00a0\u00bb header_5_line_height=\u00a0\u00bb1.8em\u00a0\u00bb animation_style=\u00a0\u00bbzoom\u00a0\u00bb animation_intensity_zoom=\u00a0\u00bb5%\u00a0\u00bb] Contactez-nous pour vos demandes de r\u00e9servations &nbsp; [\/et_pb_text][\/et_pb_column][\/et_pb_row][et_pb_row use_custom_width=\u00a0\u00bbon\u00a0\u00bb width_unit=\u00a0\u00bboff\u00a0\u00bb custom_width_percent=\u00a0\u00bb90%\u00a0\u00bb use_custom_gutter=\u00a0\u00bbon\u00a0\u00bb custom_padding=\u00a0\u00bb0|0px|0px|15vw|false|false\u00a0\u00bb custom_padding_tablet=\u00a0\u00bb|||10vw\u00a0\u00bb custom_margin=\u00a0\u00bb8vw||||false\u00a0\u00bb make_equal=\u00a0\u00bbon\u00a0\u00bb [&hellip;]\" \/>\n<meta property=\"og:url\" content=\"https:\/\/location-le-touquet.fr\/index.php\/contact\/\" \/>\n<meta property=\"og:site_name\" content=\"Les locations d&#039;Emilie &amp; Jean-Christophe\" \/>\n<meta property=\"article:modified_time\" content=\"2021-04-12T13:37:40+00:00\" \/>\n<meta property=\"og:image\" content=\"https:\/\/location-le-touquet.fr\/wp-content\/uploads\/2018\/10\/cropped-bg-home4-2921461.jpg\" \/>\n\t<meta property=\"og:image:width\" content=\"512\" \/>\n\t<meta property=\"og:image:height\" content=\"512\" \/>\n\t<meta property=\"og:image:type\" content=\"image\/jpeg\" \/>\n<meta name=\"twitter:card\" content=\"summary_large_image\" \/>\n<meta name=\"twitter:label1\" content=\"Dur\u00e9e de lecture estim\u00e9e\" \/>\n\t<meta name=\"twitter:data1\" content=\"5 minutes\" \/>\n<script type=\"application\/ld+json\" class=\"yoast-schema-graph\">{\"@context\":\"https:\/\/schema.org\",\"@graph\":[{\"@type\":\"WebPage\",\"@id\":\"https:\/\/location-le-touquet.fr\/index.php\/contact\/\",\"url\":\"https:\/\/location-le-touquet.fr\/index.php\/contact\/\",\"name\":\"CONTACT ET RESERVATION - Les locations d&#039;Emilie &amp; Jean-Christophe\",\"isPartOf\":{\"@id\":\"https:\/\/location-le-touquet.fr\/#website\"},\"datePublished\":\"2018-10-09T11:38:31+00:00\",\"dateModified\":\"2021-04-12T13:37:40+00:00\",\"breadcrumb\":{\"@id\":\"https:\/\/location-le-touquet.fr\/index.php\/contact\/#breadcrumb\"},\"inLanguage\":\"fr-FR\",\"potentialAction\":[{\"@type\":\"ReadAction\",\"target\":[\"https:\/\/location-le-touquet.fr\/index.php\/contact\/\"]}]},{\"@type\":\"BreadcrumbList\",\"@id\":\"https:\/\/location-le-touquet.fr\/index.php\/contact\/#breadcrumb\",\"itemListElement\":[{\"@type\":\"ListItem\",\"position\":1,\"name\":\"Accueil\",\"item\":\"https:\/\/location-le-touquet.fr\/\"},{\"@type\":\"ListItem\",\"position\":2,\"name\":\"CONTACT ET RESERVATION\"}]},{\"@type\":\"WebSite\",\"@id\":\"https:\/\/location-le-touquet.fr\/#website\",\"url\":\"https:\/\/location-le-touquet.fr\/\",\"name\":\"Les locations d&#039;Emilie &amp; Jean-Christophe\",\"description\":\"\",\"potentialAction\":[{\"@type\":\"SearchAction\",\"target\":{\"@type\":\"EntryPoint\",\"urlTemplate\":\"https:\/\/location-le-touquet.fr\/?s={search_term_string}\"},\"query-input\":\"required name=search_term_string\"}],\"inLanguage\":\"fr-FR\"}]}<\/script>\n<!-- \/ Yoast SEO plugin. -->","yoast_head_json":{"title":"CONTACT ET RESERVATION - Les locations d&#039;Emilie &amp; Jean-Christophe","robots":{"index":"index","follow":"follow","max-snippet":"max-snippet:-1","max-image-preview":"max-image-preview:large","max-video-preview":"max-video-preview:-1"},"canonical":"https:\/\/location-le-touquet.fr\/index.php\/contact\/","og_locale":"fr_FR","og_type":"article","og_title":"CONTACT ET RESERVATION - Les locations d&#039;Emilie &amp; Jean-Christophe","og_description":"[et_pb_section fb_built=\u00a0\u00bb1&Prime; admin_label=\u00a0\u00bbHeader\u00a0\u00bb _builder_version=\u00a0\u00bb3.8.1&Prime; use_background_color_gradient=\u00a0\u00bbon\u00a0\u00bb background_color_gradient_start=\u00a0\u00bbrgba(255,255,255,0.89)\u00a0\u00bb background_color_gradient_end=\u00a0\u00bbrgba(255,255,255,0)\u00a0\u00bb background_color_gradient_type=\u00a0\u00bbradial\u00a0\u00bb background_color_gradient_direction_radial=\u00a0\u00bbtop left\u00a0\u00bb background_color_gradient_start_position=\u00a0\u00bb30%\u00a0\u00bb background_color_gradient_end_position=\u00a0\u00bb80%\u00a0\u00bb background_color_gradient_overlays_image=\u00a0\u00bbon\u00a0\u00bb background_image=\u00a0\u00bbhttp:\/\/location-le-touquet.fr\/wp-content\/uploads\/2019\/01\/location-appartement-le-touquet-la-canche-4.jpeg\u00a0\u00bb custom_padding=\u00a0\u00bb8vw|0px|0|0px|false|false\u00a0\u00bb locked=\u00a0\u00bboff\u00a0\u00bb][et_pb_row _builder_version=\u00a0\u00bb3.13&Prime;][et_pb_column type=\u00a0\u00bb4_4&Prime; _builder_version=\u00a0\u00bb3.12.2&Prime; parallax=\u00a0\u00bboff\u00a0\u00bb parallax_method=\u00a0\u00bbon\u00a0\u00bb][et_pb_text _builder_version=\u00a0\u00bb3.8.1&Prime; text_font=\u00a0\u00bb||||||||\u00a0\u00bb header_font=\u00a0\u00bbRaleway|700|||||||\u00a0\u00bb header_font_size=\u00a0\u00bb80px\u00a0\u00bb header_font_size_tablet=\u00a0\u00bb48px\u00a0\u00bb header_font_size_phone=\u00a0\u00bb32px\u00a0\u00bb header_font_size_last_edited=\u00a0\u00bbon|phone\u00a0\u00bb header_line_height=\u00a0\u00bb1.2em\u00a0\u00bb header_5_font=\u00a0\u00bbRaleway|700||on|||||\u00a0\u00bb header_5_text_color=\u00a0\u00bb#000000&Prime; header_5_font_size=\u00a0\u00bb20px\u00a0\u00bb header_5_font_size_tablet=\u00a0\u00bb14px\u00a0\u00bb header_5_font_size_phone=\u00a0\u00bb12px\u00a0\u00bb header_5_font_size_last_edited=\u00a0\u00bbon|desktop\u00a0\u00bb header_5_letter_spacing=\u00a0\u00bb0.5em\u00a0\u00bb header_5_line_height=\u00a0\u00bb1.8em\u00a0\u00bb animation_style=\u00a0\u00bbzoom\u00a0\u00bb animation_intensity_zoom=\u00a0\u00bb5%\u00a0\u00bb] Contactez-nous pour vos demandes de r\u00e9servations &nbsp; [\/et_pb_text][\/et_pb_column][\/et_pb_row][et_pb_row use_custom_width=\u00a0\u00bbon\u00a0\u00bb width_unit=\u00a0\u00bboff\u00a0\u00bb custom_width_percent=\u00a0\u00bb90%\u00a0\u00bb use_custom_gutter=\u00a0\u00bbon\u00a0\u00bb custom_padding=\u00a0\u00bb0|0px|0px|15vw|false|false\u00a0\u00bb custom_padding_tablet=\u00a0\u00bb|||10vw\u00a0\u00bb custom_margin=\u00a0\u00bb8vw||||false\u00a0\u00bb make_equal=\u00a0\u00bbon\u00a0\u00bb [&hellip;]","og_url":"https:\/\/location-le-touquet.fr\/index.php\/contact\/","og_site_name":"Les locations d&#039;Emilie &amp; Jean-Christophe","article_modified_time":"2021-04-12T13:37:40+00:00","og_image":[{"width":512,"height":512,"url":"https:\/\/location-le-touquet.fr\/wp-content\/uploads\/2018\/10\/cropped-bg-home4-2921461.jpg","type":"image\/jpeg"}],"twitter_card":"summary_large_image","twitter_misc":{"Dur\u00e9e de lecture estim\u00e9e":"5 minutes"},"schema":{"@context":"https:\/\/schema.org","@graph":[{"@type":"WebPage","@id":"https:\/\/location-le-touquet.fr\/index.php\/contact\/","url":"https:\/\/location-le-touquet.fr\/index.php\/contact\/","name":"CONTACT ET RESERVATION - Les locations d&#039;Emilie &amp; Jean-Christophe","isPartOf":{"@id":"https:\/\/location-le-touquet.fr\/#website"},"datePublished":"2018-10-09T11:38:31+00:00","dateModified":"2021-04-12T13:37:40+00:00","breadcrumb":{"@id":"https:\/\/location-le-touquet.fr\/index.php\/contact\/#breadcrumb"},"inLanguage":"fr-FR","potentialAction":[{"@type":"ReadAction","target":["https:\/\/location-le-touquet.fr\/index.php\/contact\/"]}]},{"@type":"BreadcrumbList","@id":"https:\/\/location-le-touquet.fr\/index.php\/contact\/#breadcrumb","itemListElement":[{"@type":"ListItem","position":1,"name":"Accueil","item":"https:\/\/location-le-touquet.fr\/"},{"@type":"ListItem","position":2,"name":"CONTACT ET RESERVATION"}]},{"@type":"WebSite","@id":"https:\/\/location-le-touquet.fr\/#website","url":"https:\/\/location-le-touquet.fr\/","name":"Les locations d&#039;Emilie &amp; Jean-Christophe","description":"","potentialAction":[{"@type":"SearchAction","target":{"@type":"EntryPoint","urlTemplate":"https:\/\/location-le-touquet.fr\/?s={search_term_string}"},"query-input":"required name=search_term_string"}],"inLanguage":"fr-FR"}]}},"_links":{"self":[{"href":"https:\/\/location-le-touquet.fr\/index.php\/wp-json\/wp\/v2\/pages\/22"}],"collection":[{"href":"https:\/\/location-le-touquet.fr\/index.php\/wp-json\/wp\/v2\/pages"}],"about":[{"href":"https:\/\/location-le-touquet.fr\/index.php\/wp-json\/wp\/v2\/types\/page"}],"author":[{"embeddable":true,"href":"https:\/\/location-le-touquet.fr\/index.php\/wp-json\/wp\/v2\/users\/1"}],"replies":[{"embeddable":true,"href":"https:\/\/location-le-touquet.fr\/index.php\/wp-json\/wp\/v2\/comments?post=22"}],"version-history":[{"count":20,"href":"https:\/\/location-le-touquet.fr\/index.php\/wp-json\/wp\/v2\/pages\/22\/revisions"}],"predecessor-version":[{"id":941,"href":"https:\/\/location-le-touquet.fr\/index.php\/wp-json\/wp\/v2\/pages\/22\/revisions\/941"}],"wp:attachment":[{"href":"https:\/\/location-le-touquet.fr\/index.php\/wp-json\/wp\/v2\/media?parent=22"}],"curies":[{"name":"wp","href":"https:\/\/api.w.org\/{rel}","templated":true}]}}