{"id":427,"date":"2019-03-19T17:00:29","date_gmt":"2019-03-19T16:00:29","guid":{"rendered":"http:\/\/location-le-touquet.fr\/?page_id=427"},"modified":"2019-04-03T17:18:13","modified_gmt":"2019-04-03T15:18:13","slug":"conditions-de-paiement","status":"publish","type":"page","link":"https:\/\/location-le-touquet.fr\/index.php\/conditions-de-paiement\/","title":{"rendered":"Conditions de paiement"},"content":{"rendered":"<p>[et_pb_section fb_built=\u00a0\u00bb1&Prime; admin_label=\u00a0\u00bbsection\u00a0\u00bb _builder_version=\u00a0\u00bb3.0.47&Prime;][et_pb_row admin_label=\u00a0\u00bbrow\u00a0\u00bb _builder_version=\u00a0\u00bb3.0.48&Prime; background_size=\u00a0\u00bbinitial\u00a0\u00bb background_position=\u00a0\u00bbtop_left\u00a0\u00bb background_repeat=\u00a0\u00bbrepeat\u00a0\u00bb][et_pb_column type=\u00a0\u00bb4_4&Prime; _builder_version=\u00a0\u00bb3.0.47&Prime; parallax=\u00a0\u00bboff\u00a0\u00bb parallax_method=\u00a0\u00bbon\u00a0\u00bb][et_pb_text admin_label=\u00a0\u00bbText\u00a0\u00bb _builder_version=\u00a0\u00bb3.0.74&Prime; background_size=\u00a0\u00bbinitial\u00a0\u00bb background_position=\u00a0\u00bbtop_left\u00a0\u00bb background_repeat=\u00a0\u00bbrepeat\u00a0\u00bb]<\/p>\n<h3 class=\"western\">RESERVATION<\/h3>\n<p><span style=\"font-family: Arial, serif;\"><span style=\"font-size: small;\">Le jour de la r\u00e9servation, il est vers\u00e9 par le PRENEUR<\/span><\/span><span style=\"font-family: Arial, serif;\"><span style=\"font-size: small;\">\u00a0<\/span><\/span><span style=\"font-family: Arial, serif;\"><span style=\"font-size: small;\"><b>des arrhes de 40%\u00a0<\/b><\/span><\/span><span style=\"font-family: Arial, serif;\"><span style=\"font-size: small;\">venant en d\u00e9duction de la somme totale \u00e0 payer.<\/span><\/span><\/p>\n<p><span style=\"font-family: Arial, serif;\"><span style=\"font-size: small;\">Au plus tard, <\/span><\/span><span style=\"font-family: Arial, serif;\"><span style=\"font-size: small;\"><b>14 jours<\/b><\/span><\/span><span style=\"font-family: Arial, serif;\"><span style=\"font-size: small;\"> avant le d\u00e9but de la location, le PRENEUR s\u2019engage \u00e0 verser le solde du loyer<\/span><\/span><span style=\"font-family: Arial, serif;\"><span style=\"font-size: small;\">.<\/span><\/span><\/p>\n<p><span style=\"font-family: Arial, serif;\"><span style=\"font-size: small;\">En cas de r\u00e9servation inf\u00e9rieure \u00e0 14 jours, le PRENEUR s\u2019engage \u00e0 verser la totalit\u00e9 du loyer.<\/span><\/span><\/p>\n<p align=\"JUSTIFY\"><a name=\"_GoBack\"><\/a><\/p>\n<h3 class=\"western\">ANNULATION<\/h3>\n<p align=\"JUSTIFY\"><span style=\"font-family: Arial, serif;\"><span style=\"font-size: small;\">Lorsque la somme vers\u00e9e pour la r\u00e9servation est qualifi\u00e9e d&rsquo;arrhes, le BAILLEUR et le PRENEUR ont la possibilit\u00e9 de se d\u00e9dire. Si le PRENEUR se d\u00e9dit, il perd les arrhes vers\u00e9es. Si le BAILLEUR se d\u00e9dit, il doit rembourser au locataire le double des arrhes. (Article 1590 du Code civil).<\/span><\/span><\/p>\n<p align=\"JUSTIFY\"><span style=\"font-family: Arial, serif;\"><span style=\"font-size: small;\">En cas d\u2019annulation par le PRENEUR \u00e0 moins de 14 jours du d\u00e9but de la location, l\u2019int\u00e9gralit\u00e9 du loyer sera conserv\u00e9e par le BAILLEUR.<\/span><\/span><\/p>\n<p>[\/et_pb_text][\/et_pb_column][\/et_pb_row][\/et_pb_section]<\/p>\n","protected":false},"excerpt":{"rendered":"<p>[et_pb_section fb_built=\u00a0\u00bb1&Prime; admin_label=\u00a0\u00bbsection\u00a0\u00bb _builder_version=\u00a0\u00bb3.0.47&Prime;][et_pb_row admin_label=\u00a0\u00bbrow\u00a0\u00bb _builder_version=\u00a0\u00bb3.0.48&Prime; background_size=\u00a0\u00bbinitial\u00a0\u00bb background_position=\u00a0\u00bbtop_left\u00a0\u00bb background_repeat=\u00a0\u00bbrepeat\u00a0\u00bb][et_pb_column type=\u00a0\u00bb4_4&Prime; _builder_version=\u00a0\u00bb3.0.47&Prime; parallax=\u00a0\u00bboff\u00a0\u00bb parallax_method=\u00a0\u00bbon\u00a0\u00bb][et_pb_text admin_label=\u00a0\u00bbText\u00a0\u00bb _builder_version=\u00a0\u00bb3.0.74&Prime; background_size=\u00a0\u00bbinitial\u00a0\u00bb background_position=\u00a0\u00bbtop_left\u00a0\u00bb background_repeat=\u00a0\u00bbrepeat\u00a0\u00bb] RESERVATION Le jour de la r\u00e9servation, il est vers\u00e9 par le PRENEUR\u00a0des arrhes de 40%\u00a0venant en d\u00e9duction de la somme totale \u00e0 payer. Au plus tard, 14 jours avant le d\u00e9but de la location, le PRENEUR s\u2019engage [&hellip;]<\/p>\n","protected":false},"author":1,"featured_media":0,"parent":0,"menu_order":0,"comment_status":"closed","ping_status":"closed","template":"","meta":{"footnotes":""},"yoast_head":"<!-- This site is optimized with the Yoast SEO plugin v22.1 - https:\/\/yoast.com\/wordpress\/plugins\/seo\/ -->\n<title>Conditions de paiement - Les locations d&#039;Emilie &amp; Jean-Christophe<\/title>\n<meta name=\"robots\" content=\"index, follow, max-snippet:-1, max-image-preview:large, max-video-preview:-1\" \/>\n<link rel=\"canonical\" href=\"https:\/\/location-le-touquet.fr\/index.php\/conditions-de-paiement\/\" \/>\n<meta property=\"og:locale\" content=\"fr_FR\" \/>\n<meta property=\"og:type\" content=\"article\" \/>\n<meta property=\"og:title\" content=\"Conditions de paiement - Les locations d&#039;Emilie &amp; Jean-Christophe\" \/>\n<meta property=\"og:description\" content=\"[et_pb_section fb_built=\u00a0\u00bb1&Prime; admin_label=\u00a0\u00bbsection\u00a0\u00bb _builder_version=\u00a0\u00bb3.0.47&Prime;][et_pb_row admin_label=\u00a0\u00bbrow\u00a0\u00bb _builder_version=\u00a0\u00bb3.0.48&Prime; background_size=\u00a0\u00bbinitial\u00a0\u00bb background_position=\u00a0\u00bbtop_left\u00a0\u00bb background_repeat=\u00a0\u00bbrepeat\u00a0\u00bb][et_pb_column type=\u00a0\u00bb4_4&Prime; _builder_version=\u00a0\u00bb3.0.47&Prime; parallax=\u00a0\u00bboff\u00a0\u00bb parallax_method=\u00a0\u00bbon\u00a0\u00bb][et_pb_text admin_label=\u00a0\u00bbText\u00a0\u00bb _builder_version=\u00a0\u00bb3.0.74&Prime; background_size=\u00a0\u00bbinitial\u00a0\u00bb background_position=\u00a0\u00bbtop_left\u00a0\u00bb background_repeat=\u00a0\u00bbrepeat\u00a0\u00bb] RESERVATION Le jour de la r\u00e9servation, il est vers\u00e9 par le PRENEUR\u00a0des arrhes de 40%\u00a0venant en d\u00e9duction de la somme totale \u00e0 payer. Au plus tard, 14 jours avant le d\u00e9but de la location, le PRENEUR s\u2019engage [&hellip;]\" \/>\n<meta property=\"og:url\" content=\"https:\/\/location-le-touquet.fr\/index.php\/conditions-de-paiement\/\" \/>\n<meta property=\"og:site_name\" content=\"Les locations d&#039;Emilie &amp; Jean-Christophe\" \/>\n<meta property=\"article:modified_time\" content=\"2019-04-03T15:18:13+00:00\" \/>\n<meta property=\"og:image\" content=\"https:\/\/location-le-touquet.fr\/wp-content\/uploads\/2018\/10\/cropped-bg-home4-2921461.jpg\" \/>\n\t<meta property=\"og:image:width\" content=\"512\" \/>\n\t<meta property=\"og:image:height\" content=\"512\" \/>\n\t<meta property=\"og:image:type\" content=\"image\/jpeg\" \/>\n<meta name=\"twitter:card\" content=\"summary_large_image\" \/>\n<meta name=\"twitter:label1\" content=\"Dur\u00e9e de lecture estim\u00e9e\" \/>\n\t<meta name=\"twitter:data1\" content=\"1 minute\" \/>\n<script type=\"application\/ld+json\" class=\"yoast-schema-graph\">{\"@context\":\"https:\/\/schema.org\",\"@graph\":[{\"@type\":\"WebPage\",\"@id\":\"https:\/\/location-le-touquet.fr\/index.php\/conditions-de-paiement\/\",\"url\":\"https:\/\/location-le-touquet.fr\/index.php\/conditions-de-paiement\/\",\"name\":\"Conditions de paiement - Les locations d&#039;Emilie &amp; Jean-Christophe\",\"isPartOf\":{\"@id\":\"https:\/\/location-le-touquet.fr\/#website\"},\"datePublished\":\"2019-03-19T16:00:29+00:00\",\"dateModified\":\"2019-04-03T15:18:13+00:00\",\"breadcrumb\":{\"@id\":\"https:\/\/location-le-touquet.fr\/index.php\/conditions-de-paiement\/#breadcrumb\"},\"inLanguage\":\"fr-FR\",\"potentialAction\":[{\"@type\":\"ReadAction\",\"target\":[\"https:\/\/location-le-touquet.fr\/index.php\/conditions-de-paiement\/\"]}]},{\"@type\":\"BreadcrumbList\",\"@id\":\"https:\/\/location-le-touquet.fr\/index.php\/conditions-de-paiement\/#breadcrumb\",\"itemListElement\":[{\"@type\":\"ListItem\",\"position\":1,\"name\":\"Accueil\",\"item\":\"https:\/\/location-le-touquet.fr\/\"},{\"@type\":\"ListItem\",\"position\":2,\"name\":\"Conditions de paiement\"}]},{\"@type\":\"WebSite\",\"@id\":\"https:\/\/location-le-touquet.fr\/#website\",\"url\":\"https:\/\/location-le-touquet.fr\/\",\"name\":\"Les locations d&#039;Emilie &amp; Jean-Christophe\",\"description\":\"\",\"potentialAction\":[{\"@type\":\"SearchAction\",\"target\":{\"@type\":\"EntryPoint\",\"urlTemplate\":\"https:\/\/location-le-touquet.fr\/?s={search_term_string}\"},\"query-input\":\"required name=search_term_string\"}],\"inLanguage\":\"fr-FR\"}]}<\/script>\n<!-- \/ Yoast SEO plugin. -->","yoast_head_json":{"title":"Conditions de paiement - Les locations d&#039;Emilie &amp; Jean-Christophe","robots":{"index":"index","follow":"follow","max-snippet":"max-snippet:-1","max-image-preview":"max-image-preview:large","max-video-preview":"max-video-preview:-1"},"canonical":"https:\/\/location-le-touquet.fr\/index.php\/conditions-de-paiement\/","og_locale":"fr_FR","og_type":"article","og_title":"Conditions de paiement - Les locations d&#039;Emilie &amp; Jean-Christophe","og_description":"[et_pb_section fb_built=\u00a0\u00bb1&Prime; admin_label=\u00a0\u00bbsection\u00a0\u00bb _builder_version=\u00a0\u00bb3.0.47&Prime;][et_pb_row admin_label=\u00a0\u00bbrow\u00a0\u00bb _builder_version=\u00a0\u00bb3.0.48&Prime; background_size=\u00a0\u00bbinitial\u00a0\u00bb background_position=\u00a0\u00bbtop_left\u00a0\u00bb background_repeat=\u00a0\u00bbrepeat\u00a0\u00bb][et_pb_column type=\u00a0\u00bb4_4&Prime; _builder_version=\u00a0\u00bb3.0.47&Prime; parallax=\u00a0\u00bboff\u00a0\u00bb parallax_method=\u00a0\u00bbon\u00a0\u00bb][et_pb_text admin_label=\u00a0\u00bbText\u00a0\u00bb _builder_version=\u00a0\u00bb3.0.74&Prime; background_size=\u00a0\u00bbinitial\u00a0\u00bb background_position=\u00a0\u00bbtop_left\u00a0\u00bb background_repeat=\u00a0\u00bbrepeat\u00a0\u00bb] RESERVATION Le jour de la r\u00e9servation, il est vers\u00e9 par le PRENEUR\u00a0des arrhes de 40%\u00a0venant en d\u00e9duction de la somme totale \u00e0 payer. Au plus tard, 14 jours avant le d\u00e9but de la location, le PRENEUR s\u2019engage [&hellip;]","og_url":"https:\/\/location-le-touquet.fr\/index.php\/conditions-de-paiement\/","og_site_name":"Les locations d&#039;Emilie &amp; Jean-Christophe","article_modified_time":"2019-04-03T15:18:13+00:00","og_image":[{"width":512,"height":512,"url":"https:\/\/location-le-touquet.fr\/wp-content\/uploads\/2018\/10\/cropped-bg-home4-2921461.jpg","type":"image\/jpeg"}],"twitter_card":"summary_large_image","twitter_misc":{"Dur\u00e9e de lecture estim\u00e9e":"1 minute"},"schema":{"@context":"https:\/\/schema.org","@graph":[{"@type":"WebPage","@id":"https:\/\/location-le-touquet.fr\/index.php\/conditions-de-paiement\/","url":"https:\/\/location-le-touquet.fr\/index.php\/conditions-de-paiement\/","name":"Conditions de paiement - Les locations d&#039;Emilie &amp; Jean-Christophe","isPartOf":{"@id":"https:\/\/location-le-touquet.fr\/#website"},"datePublished":"2019-03-19T16:00:29+00:00","dateModified":"2019-04-03T15:18:13+00:00","breadcrumb":{"@id":"https:\/\/location-le-touquet.fr\/index.php\/conditions-de-paiement\/#breadcrumb"},"inLanguage":"fr-FR","potentialAction":[{"@type":"ReadAction","target":["https:\/\/location-le-touquet.fr\/index.php\/conditions-de-paiement\/"]}]},{"@type":"BreadcrumbList","@id":"https:\/\/location-le-touquet.fr\/index.php\/conditions-de-paiement\/#breadcrumb","itemListElement":[{"@type":"ListItem","position":1,"name":"Accueil","item":"https:\/\/location-le-touquet.fr\/"},{"@type":"ListItem","position":2,"name":"Conditions de paiement"}]},{"@type":"WebSite","@id":"https:\/\/location-le-touquet.fr\/#website","url":"https:\/\/location-le-touquet.fr\/","name":"Les locations d&#039;Emilie &amp; Jean-Christophe","description":"","potentialAction":[{"@type":"SearchAction","target":{"@type":"EntryPoint","urlTemplate":"https:\/\/location-le-touquet.fr\/?s={search_term_string}"},"query-input":"required name=search_term_string"}],"inLanguage":"fr-FR"}]}},"_links":{"self":[{"href":"https:\/\/location-le-touquet.fr\/index.php\/wp-json\/wp\/v2\/pages\/427"}],"collection":[{"href":"https:\/\/location-le-touquet.fr\/index.php\/wp-json\/wp\/v2\/pages"}],"about":[{"href":"https:\/\/location-le-touquet.fr\/index.php\/wp-json\/wp\/v2\/types\/page"}],"author":[{"embeddable":true,"href":"https:\/\/location-le-touquet.fr\/index.php\/wp-json\/wp\/v2\/users\/1"}],"replies":[{"embeddable":true,"href":"https:\/\/location-le-touquet.fr\/index.php\/wp-json\/wp\/v2\/comments?post=427"}],"version-history":[{"count":5,"href":"https:\/\/location-le-touquet.fr\/index.php\/wp-json\/wp\/v2\/pages\/427\/revisions"}],"predecessor-version":[{"id":524,"href":"https:\/\/location-le-touquet.fr\/index.php\/wp-json\/wp\/v2\/pages\/427\/revisions\/524"}],"wp:attachment":[{"href":"https:\/\/location-le-touquet.fr\/index.php\/wp-json\/wp\/v2\/media?parent=427"}],"curies":[{"name":"wp","href":"https:\/\/api.w.org\/{rel}","templated":true}]}}